{"id":255,"date":"2022-05-11T10:27:33","date_gmt":"2022-05-11T13:27:33","guid":{"rendered":"https:\/\/airporttransfersbuenosaires.com\/pt\/?page_id=255"},"modified":"2022-05-11T16:17:15","modified_gmt":"2022-05-11T19:17:15","slug":"taxi-aeroporto-ezeiza","status":"publish","type":"page","link":"https:\/\/airporttransfersbuenosaires.com\/pt\/taxi-aeroporto-ezeiza\/","title":{"rendered":"Taxi Aeroporto Ezeiza"},"content":{"rendered":"\n<p>Taxi Aeroporto Ezeiza. Servi\u00e7o LOW COST, transfer privado porta-porta dispon\u00edvel unicamente no Aeroporto Internacional Ezeiza (EZE). Se seu voo pousa no Aeroparque (AEP) favor <a href=\"https:\/\/airporttransfersbuenosaires.com\/pt\/reservar.htm\">consultar nosso servi\u00e7o executivo<\/a>.<\/p>\n\n\n\n<figure class=\"wp-block-image size-full\"><img loading=\"lazy\" decoding=\"async\" width=\"900\" height=\"272\" src=\"https:\/\/airporttransfersbuenosaires.com\/pt\/wp-content\/uploads\/2022\/04\/taxi-aeroporto-buenos-aires.jpg\" alt=\"Taxi Aeroporto Ezeiza\" class=\"wp-image-67\" srcset=\"https:\/\/airporttransfersbuenosaires.com\/pt\/wp-content\/uploads\/2022\/04\/taxi-aeroporto-buenos-aires.jpg 900w, https:\/\/airporttransfersbuenosaires.com\/pt\/wp-content\/uploads\/2022\/04\/taxi-aeroporto-buenos-aires-300x91.jpg 300w, https:\/\/airporttransfersbuenosaires.com\/pt\/wp-content\/uploads\/2022\/04\/taxi-aeroporto-buenos-aires-768x232.jpg 768w\" sizes=\"auto, (max-width: 900px) 100vw, 900px\" \/><\/figure>\n\n\n\n<hr class=\"wp-block-separator\"\/>\n\n\n\n<style id=\"wpforms-css-vars-257\">\n\t\t\t\t#wpforms-257 {\n\t\t\t\t\n\t\t\t}\n\t\t\t<\/style>\n\n\n\n<hr class=\"wp-block-separator\"\/>\n\n\n\n<h2 class=\"has-text-align-center wp-block-heading\"><strong>Taxi Aeroporto Ezeiza<\/strong><\/h2>\n\n\n\n<h3 class=\"has-text-align-center wp-block-heading\">Preguntas frequentes<\/h3>\n\n\n\n<ul class=\"wp-block-list\"><li><strong>Em quais aeroportos esta dispon\u00edvel este servi\u00e7o?<\/strong> Este servi\u00e7o esta dispon\u00edvel unicamente no Aeroporto Ezeiza (EZE). Se seu voo posa em outro Aeroporto de Buenos Aires ou voc\u00ea chega na cidade via Porto de Cruzeiros, favor consultar <a href=\"https:\/\/airporttransfersbuenosaires.com\/pt\/reservar.htm\">nosso servi\u00e7o executivo<\/a><\/li><li><strong>Como encontro meu motorista?<\/strong> Dentro do sagu\u00e3o de desembarque, favor procurar o balc\u00e3o de TAXI EZEIZA. Presente-se com seu nome, a atendente l\u00f3 escoltar\u00e1 ate seu veiculo assignado.<\/li><li><strong>Posso usar este servi\u00e7o para ir desde Ezeiza (EZE) ate Aeroparque (AEP)?<\/strong> Sim, o servi\u00e7o de Taxi Ezeiza pode ser usado para o percurso desde Aeroporto Ezeiza ate Aeroparque, mas n\u00e3o esta dispon\u00edvel para o trecho de retorno, desde Aeroparque para Ezeiza. Se voc\u00ea precisa de esse trecho, favor consultar <a href=\"https:\/\/airporttransfersbuenosaires.com\/pt\/reservar.htm\">nosso servi\u00e7o executivo<\/a><\/li><li><strong>Para quais locais de Buenos Aires esta dispon\u00edvel este servi\u00e7o? <\/strong>Voc\u00ea pode reservar o servi\u00e7o de Taxi Ezeiza para ir desde o <a href=\"https:\/\/www.aa2000.com.ar\/\" target=\"_blank\" rel=\"noreferrer noopener\">Aeroporto EZE<\/a> ate qualquer local da cidade. Puerto Madero, Palermo, Recoleta, San Telmo, La Boca, Belgrano, Centro, Terminal de Cruzeiros (Benito Quinquela Mart\u00edn), Terminal de Ferry boat Buquebus e Colonia Express.<\/li><li><strong>Taxi Ezeiza fornece transfers intermunicipais?<\/strong> Sim, voc\u00ea reservar corridas ate Cidade de La Plata, Pilar, San Isidro, Vicente Lopez e mais.<\/li><\/ul>\n","protected":false},"excerpt":{"rendered":"<p>Taxi Aeroporto Ezeiza. Servi\u00e7o LOW COST, transfer privado porta-porta dispon\u00edvel unicamente no Aeroporto Internacional Ezeiza (EZE). Se seu voo pousa no Aeroparque (AEP) favor consultar nosso servi\u00e7o executivo. Taxi Aeroporto Ezeiza Preguntas frequentes Em quais aeroportos esta dispon\u00edvel este servi\u00e7o? Este servi\u00e7o esta dispon\u00edvel unicamente no Aeroporto Ezeiza (EZE). Se seu voo posa em outro &#8230; <a title=\"Taxi Aeroporto Ezeiza\" class=\"read-more\" href=\"https:\/\/airporttransfersbuenosaires.com\/pt\/taxi-aeroporto-ezeiza\/\" aria-label=\"Read more about Taxi Aeroporto Ezeiza\">Ler mais<\/a><\/p>\n","protected":false},"author":1,"featured_media":0,"parent":0,"menu_order":0,"comment_status":"closed","ping_status":"closed","template":"","meta":{"nf_dc_page":"","footnotes":""},"class_list":["post-255","page","type-page","status-publish"],"yoast_head":"<!-- This site is optimized with the Yoast SEO plugin v27.4 - https:\/\/yoast.com\/product\/yoast-seo-wordpress\/ -->\n<title>Taxi Aeroporto Ezeiza - Transfer Low Cost Buenos Aires<\/title>\n<meta name=\"description\" content=\"Taxi Aeroporto Ezeiza. Servi\u00e7o de Transfer Low Cost desde Aeroporto Ministro Pistarini (EZEIZA - EZE). Buenos Aires.\" \/>\n<meta name=\"robots\" content=\"index, follow, max-snippet:-1, max-image-preview:large, max-video-preview:-1\" \/>\n<link rel=\"canonical\" href=\"https:\/\/airporttransfersbuenosaires.com\/pt\/taxi-aeroporto-ezeiza\/\" \/>\n<meta property=\"og:locale\" content=\"pt_BR\" \/>\n<meta property=\"og:type\" content=\"article\" \/>\n<meta property=\"og:title\" content=\"Taxi Aeroporto Ezeiza - Transfer Low Cost Buenos Aires\" \/>\n<meta property=\"og:description\" content=\"Taxi Aeroporto Ezeiza. Servi\u00e7o de Transfer Low Cost desde Aeroporto Ministro Pistarini (EZEIZA - EZE). Buenos Aires.\" \/>\n<meta property=\"og:url\" content=\"https:\/\/airporttransfersbuenosaires.com\/pt\/taxi-aeroporto-ezeiza\/\" \/>\n<meta property=\"og:site_name\" content=\"Aeroporto Buenos Aires - Transfer, Traslados (Ezeiza \/ Aeroparque)\" \/>\n<meta property=\"article:modified_time\" content=\"2022-05-11T19:17:15+00:00\" \/>\n<meta property=\"og:image\" content=\"https:\/\/airporttransfersbuenosaires.com\/pt\/wp-content\/uploads\/2022\/04\/taxi-aeroporto-buenos-aires.jpg\" \/>\n<meta name=\"twitter:card\" content=\"summary_large_image\" \/>\n<meta name=\"twitter:label1\" content=\"Est. tempo de leitura\" \/>\n\t<meta name=\"twitter:data1\" content=\"2 minutos\" \/>\n<script type=\"application\/ld+json\" class=\"yoast-schema-graph\">{\"@context\":\"https:\\\/\\\/schema.org\",\"@graph\":[{\"@type\":\"WebPage\",\"@id\":\"https:\\\/\\\/airporttransfersbuenosaires.com\\\/pt\\\/taxi-aeroporto-ezeiza\\\/\",\"url\":\"https:\\\/\\\/airporttransfersbuenosaires.com\\\/pt\\\/taxi-aeroporto-ezeiza\\\/\",\"name\":\"Taxi Aeroporto Ezeiza - Transfer Low Cost Buenos Aires\",\"isPartOf\":{\"@id\":\"https:\\\/\\\/airporttransfersbuenosaires.com\\\/pt\\\/#website\"},\"primaryImageOfPage\":{\"@id\":\"https:\\\/\\\/airporttransfersbuenosaires.com\\\/pt\\\/taxi-aeroporto-ezeiza\\\/#primaryimage\"},\"image\":{\"@id\":\"https:\\\/\\\/airporttransfersbuenosaires.com\\\/pt\\\/taxi-aeroporto-ezeiza\\\/#primaryimage\"},\"thumbnailUrl\":\"https:\\\/\\\/airporttransfersbuenosaires.com\\\/pt\\\/wp-content\\\/uploads\\\/2022\\\/04\\\/taxi-aeroporto-buenos-aires.jpg\",\"datePublished\":\"2022-05-11T13:27:33+00:00\",\"dateModified\":\"2022-05-11T19:17:15+00:00\",\"description\":\"Taxi Aeroporto Ezeiza. Servi\u00e7o de Transfer Low Cost desde Aeroporto Ministro Pistarini (EZEIZA - EZE). Buenos Aires.\",\"breadcrumb\":{\"@id\":\"https:\\\/\\\/airporttransfersbuenosaires.com\\\/pt\\\/taxi-aeroporto-ezeiza\\\/#breadcrumb\"},\"inLanguage\":\"pt-BR\",\"potentialAction\":[{\"@type\":\"ReadAction\",\"target\":[\"https:\\\/\\\/airporttransfersbuenosaires.com\\\/pt\\\/taxi-aeroporto-ezeiza\\\/\"]}]},{\"@type\":\"ImageObject\",\"inLanguage\":\"pt-BR\",\"@id\":\"https:\\\/\\\/airporttransfersbuenosaires.com\\\/pt\\\/taxi-aeroporto-ezeiza\\\/#primaryimage\",\"url\":\"https:\\\/\\\/airporttransfersbuenosaires.com\\\/pt\\\/wp-content\\\/uploads\\\/2022\\\/04\\\/taxi-aeroporto-buenos-aires.jpg\",\"contentUrl\":\"https:\\\/\\\/airporttransfersbuenosaires.com\\\/pt\\\/wp-content\\\/uploads\\\/2022\\\/04\\\/taxi-aeroporto-buenos-aires.jpg\",\"width\":900,\"height\":272},{\"@type\":\"BreadcrumbList\",\"@id\":\"https:\\\/\\\/airporttransfersbuenosaires.com\\\/pt\\\/taxi-aeroporto-ezeiza\\\/#breadcrumb\",\"itemListElement\":[{\"@type\":\"ListItem\",\"position\":1,\"name\":\"Home\",\"item\":\"https:\\\/\\\/airporttransfersbuenosaires.com\\\/pt\\\/\"},{\"@type\":\"ListItem\",\"position\":2,\"name\":\"Taxi Aeroporto Ezeiza\"}]},{\"@type\":\"WebSite\",\"@id\":\"https:\\\/\\\/airporttransfersbuenosaires.com\\\/pt\\\/#website\",\"url\":\"https:\\\/\\\/airporttransfersbuenosaires.com\\\/pt\\\/\",\"name\":\"Aeroporto Buenos Aires - Transfer, Traslados (Ezeiza \\\/ Aeroparque)\",\"description\":\"Servi\u00e7o de Transfers em Buenos Aires. Receptivo Aeroporto. Carros, vans e Micro\u00f4nibus. EZEIZA EZE, AEROPARQUE AEP\",\"publisher\":{\"@id\":\"https:\\\/\\\/airporttransfersbuenosaires.com\\\/pt\\\/#organization\"},\"potentialAction\":[{\"@type\":\"SearchAction\",\"target\":{\"@type\":\"EntryPoint\",\"urlTemplate\":\"https:\\\/\\\/airporttransfersbuenosaires.com\\\/pt\\\/?s={search_term_string}\"},\"query-input\":{\"@type\":\"PropertyValueSpecification\",\"valueRequired\":true,\"valueName\":\"search_term_string\"}}],\"inLanguage\":\"pt-BR\"},{\"@type\":\"Organization\",\"@id\":\"https:\\\/\\\/airporttransfersbuenosaires.com\\\/pt\\\/#organization\",\"name\":\"Aeroporto Buenos Aires - Transfer, Traslados (Ezeiza \\\/ Aeroparque)\",\"url\":\"https:\\\/\\\/airporttransfersbuenosaires.com\\\/pt\\\/\",\"logo\":{\"@type\":\"ImageObject\",\"inLanguage\":\"pt-BR\",\"@id\":\"https:\\\/\\\/airporttransfersbuenosaires.com\\\/pt\\\/#\\\/schema\\\/logo\\\/image\\\/\",\"url\":\"https:\\\/\\\/airporttransfersbuenosaires.com\\\/pt\\\/wp-content\\\/uploads\\\/2025\\\/05\\\/cropped-airport-transfers-buenos-aires-logo-black.jpg\",\"contentUrl\":\"https:\\\/\\\/airporttransfersbuenosaires.com\\\/pt\\\/wp-content\\\/uploads\\\/2025\\\/05\\\/cropped-airport-transfers-buenos-aires-logo-black.jpg\",\"width\":1078,\"height\":341,\"caption\":\"Aeroporto Buenos Aires - Transfer, Traslados (Ezeiza \\\/ Aeroparque)\"},\"image\":{\"@id\":\"https:\\\/\\\/airporttransfersbuenosaires.com\\\/pt\\\/#\\\/schema\\\/logo\\\/image\\\/\"}}]}<\/script>\n<!-- \/ Yoast SEO plugin. -->","yoast_head_json":{"title":"Taxi Aeroporto Ezeiza - Transfer Low Cost Buenos Aires","description":"Taxi Aeroporto Ezeiza. Servi\u00e7o de Transfer Low Cost desde Aeroporto Ministro Pistarini (EZEIZA - EZE). Buenos Aires.","robots":{"index":"index","follow":"follow","max-snippet":"max-snippet:-1","max-image-preview":"max-image-preview:large","max-video-preview":"max-video-preview:-1"},"canonical":"https:\/\/airporttransfersbuenosaires.com\/pt\/taxi-aeroporto-ezeiza\/","og_locale":"pt_BR","og_type":"article","og_title":"Taxi Aeroporto Ezeiza - Transfer Low Cost Buenos Aires","og_description":"Taxi Aeroporto Ezeiza. Servi\u00e7o de Transfer Low Cost desde Aeroporto Ministro Pistarini (EZEIZA - EZE). Buenos Aires.","og_url":"https:\/\/airporttransfersbuenosaires.com\/pt\/taxi-aeroporto-ezeiza\/","og_site_name":"Aeroporto Buenos Aires - Transfer, Traslados (Ezeiza \/ Aeroparque)","article_modified_time":"2022-05-11T19:17:15+00:00","og_image":[{"url":"https:\/\/airporttransfersbuenosaires.com\/pt\/wp-content\/uploads\/2022\/04\/taxi-aeroporto-buenos-aires.jpg","type":"","width":"","height":""}],"twitter_card":"summary_large_image","twitter_misc":{"Est. tempo de leitura":"2 minutos"},"schema":{"@context":"https:\/\/schema.org","@graph":[{"@type":"WebPage","@id":"https:\/\/airporttransfersbuenosaires.com\/pt\/taxi-aeroporto-ezeiza\/","url":"https:\/\/airporttransfersbuenosaires.com\/pt\/taxi-aeroporto-ezeiza\/","name":"Taxi Aeroporto Ezeiza - Transfer Low Cost Buenos Aires","isPartOf":{"@id":"https:\/\/airporttransfersbuenosaires.com\/pt\/#website"},"primaryImageOfPage":{"@id":"https:\/\/airporttransfersbuenosaires.com\/pt\/taxi-aeroporto-ezeiza\/#primaryimage"},"image":{"@id":"https:\/\/airporttransfersbuenosaires.com\/pt\/taxi-aeroporto-ezeiza\/#primaryimage"},"thumbnailUrl":"https:\/\/airporttransfersbuenosaires.com\/pt\/wp-content\/uploads\/2022\/04\/taxi-aeroporto-buenos-aires.jpg","datePublished":"2022-05-11T13:27:33+00:00","dateModified":"2022-05-11T19:17:15+00:00","description":"Taxi Aeroporto Ezeiza. Servi\u00e7o de Transfer Low Cost desde Aeroporto Ministro Pistarini (EZEIZA - EZE). Buenos Aires.","breadcrumb":{"@id":"https:\/\/airporttransfersbuenosaires.com\/pt\/taxi-aeroporto-ezeiza\/#breadcrumb"},"inLanguage":"pt-BR","potentialAction":[{"@type":"ReadAction","target":["https:\/\/airporttransfersbuenosaires.com\/pt\/taxi-aeroporto-ezeiza\/"]}]},{"@type":"ImageObject","inLanguage":"pt-BR","@id":"https:\/\/airporttransfersbuenosaires.com\/pt\/taxi-aeroporto-ezeiza\/#primaryimage","url":"https:\/\/airporttransfersbuenosaires.com\/pt\/wp-content\/uploads\/2022\/04\/taxi-aeroporto-buenos-aires.jpg","contentUrl":"https:\/\/airporttransfersbuenosaires.com\/pt\/wp-content\/uploads\/2022\/04\/taxi-aeroporto-buenos-aires.jpg","width":900,"height":272},{"@type":"BreadcrumbList","@id":"https:\/\/airporttransfersbuenosaires.com\/pt\/taxi-aeroporto-ezeiza\/#breadcrumb","itemListElement":[{"@type":"ListItem","position":1,"name":"Home","item":"https:\/\/airporttransfersbuenosaires.com\/pt\/"},{"@type":"ListItem","position":2,"name":"Taxi Aeroporto Ezeiza"}]},{"@type":"WebSite","@id":"https:\/\/airporttransfersbuenosaires.com\/pt\/#website","url":"https:\/\/airporttransfersbuenosaires.com\/pt\/","name":"Aeroporto Buenos Aires - Transfer, Traslados (Ezeiza \/ Aeroparque)","description":"Servi\u00e7o de Transfers em Buenos Aires. Receptivo Aeroporto. Carros, vans e Micro\u00f4nibus. EZEIZA EZE, AEROPARQUE AEP","publisher":{"@id":"https:\/\/airporttransfersbuenosaires.com\/pt\/#organization"},"potentialAction":[{"@type":"SearchAction","target":{"@type":"EntryPoint","urlTemplate":"https:\/\/airporttransfersbuenosaires.com\/pt\/?s={search_term_string}"},"query-input":{"@type":"PropertyValueSpecification","valueRequired":true,"valueName":"search_term_string"}}],"inLanguage":"pt-BR"},{"@type":"Organization","@id":"https:\/\/airporttransfersbuenosaires.com\/pt\/#organization","name":"Aeroporto Buenos Aires - Transfer, Traslados (Ezeiza \/ Aeroparque)","url":"https:\/\/airporttransfersbuenosaires.com\/pt\/","logo":{"@type":"ImageObject","inLanguage":"pt-BR","@id":"https:\/\/airporttransfersbuenosaires.com\/pt\/#\/schema\/logo\/image\/","url":"https:\/\/airporttransfersbuenosaires.com\/pt\/wp-content\/uploads\/2025\/05\/cropped-airport-transfers-buenos-aires-logo-black.jpg","contentUrl":"https:\/\/airporttransfersbuenosaires.com\/pt\/wp-content\/uploads\/2025\/05\/cropped-airport-transfers-buenos-aires-logo-black.jpg","width":1078,"height":341,"caption":"Aeroporto Buenos Aires - Transfer, Traslados (Ezeiza \/ Aeroparque)"},"image":{"@id":"https:\/\/airporttransfersbuenosaires.com\/pt\/#\/schema\/logo\/image\/"}}]}},"_links":{"self":[{"href":"https:\/\/airporttransfersbuenosaires.com\/pt\/wp-json\/wp\/v2\/pages\/255","targetHints":{"allow":["GET"]}}],"collection":[{"href":"https:\/\/airporttransfersbuenosaires.com\/pt\/wp-json\/wp\/v2\/pages"}],"about":[{"href":"https:\/\/airporttransfersbuenosaires.com\/pt\/wp-json\/wp\/v2\/types\/page"}],"author":[{"embeddable":true,"href":"https:\/\/airporttransfersbuenosaires.com\/pt\/wp-json\/wp\/v2\/users\/1"}],"replies":[{"embeddable":true,"href":"https:\/\/airporttransfersbuenosaires.com\/pt\/wp-json\/wp\/v2\/comments?post=255"}],"version-history":[{"count":6,"href":"https:\/\/airporttransfersbuenosaires.com\/pt\/wp-json\/wp\/v2\/pages\/255\/revisions"}],"predecessor-version":[{"id":281,"href":"https:\/\/airporttransfersbuenosaires.com\/pt\/wp-json\/wp\/v2\/pages\/255\/revisions\/281"}],"wp:attachment":[{"href":"https:\/\/airporttransfersbuenosaires.com\/pt\/wp-json\/wp\/v2\/media?parent=255"}],"curies":[{"name":"wp","href":"https:\/\/api.w.org\/{rel}","templated":true}]}}