{"id":38,"date":"2022-04-18T19:55:35","date_gmt":"2022-04-18T19:55:35","guid":{"rendered":"https:\/\/airporttransfersbuenosaires.com\/pt\/?page_id=38"},"modified":"2022-09-21T00:26:47","modified_gmt":"2022-09-21T03:26:47","slug":"home","status":"publish","type":"page","link":"https:\/\/airporttransfersbuenosaires.com\/pt\/home\/","title":{"rendered":""},"content":{"rendered":"\n<div class=\"wp-block-columns is-layout-flex wp-container-core-columns-is-layout-9d6595d7 wp-block-columns-is-layout-flex\">\n<div class=\"wp-block-column is-layout-flow wp-block-column-is-layout-flow\" style=\"flex-basis:66.66%\">\n<h2 class=\"wp-block-heading\"><strong>Transfer Aeroporto Buenos Aires. Servi\u00e7o privado porta-porta 24 hs.<\/strong><\/h2>\n\n\n\n<style id=\"wpforms-css-vars-132\">\n\t\t\t\t#wpforms-132 {\n\t\t\t\t\n\t\t\t}\n\t\t\t<\/style>\n<\/div>\n\n\n\n<div class=\"wp-block-column is-layout-flow wp-block-column-is-layout-flow\" style=\"flex-basis:33.33%\">\n<figure class=\"wp-block-image size-full\"><img loading=\"lazy\" decoding=\"async\" width=\"450\" height=\"523\" src=\"https:\/\/airporttransfersbuenosaires.com\/pt\/wp-content\/uploads\/2022\/05\/receptivo-aeroporto-buenos-aires.jpg\" alt=\"\" class=\"wp-image-134\" srcset=\"https:\/\/airporttransfersbuenosaires.com\/pt\/wp-content\/uploads\/2022\/05\/receptivo-aeroporto-buenos-aires.jpg 450w, https:\/\/airporttransfersbuenosaires.com\/pt\/wp-content\/uploads\/2022\/05\/receptivo-aeroporto-buenos-aires-258x300.jpg 258w\" sizes=\"auto, (max-width: 450px) 100vw, 450px\" \/><\/figure>\n<\/div>\n<\/div>\n\n\n\n<div class=\"wp-block-columns is-layout-flex wp-container-core-columns-is-layout-9d6595d7 wp-block-columns-is-layout-flex\">\n<div class=\"wp-block-column is-layout-flow wp-block-column-is-layout-flow\"><div class=\"wp-block-image\">\n<figure class=\"aligncenter size-full\"><img loading=\"lazy\" decoding=\"async\" width=\"901\" height=\"245\" src=\"https:\/\/airporttransfersbuenosaires.com\/pt\/wp-content\/uploads\/2022\/05\/sedan-transfer-buenos-aires-1.jpg\" alt=\"\" class=\"wp-image-117\" srcset=\"https:\/\/airporttransfersbuenosaires.com\/pt\/wp-content\/uploads\/2022\/05\/sedan-transfer-buenos-aires-1.jpg 901w, https:\/\/airporttransfersbuenosaires.com\/pt\/wp-content\/uploads\/2022\/05\/sedan-transfer-buenos-aires-1-300x82.jpg 300w, https:\/\/airporttransfersbuenosaires.com\/pt\/wp-content\/uploads\/2022\/05\/sedan-transfer-buenos-aires-1-768x209.jpg 768w\" sizes=\"auto, (max-width: 901px) 100vw, 901px\" \/><figcaption><strong>Carros Sedan<\/strong><\/figcaption><\/figure>\n<\/div><\/div>\n\n\n\n<div class=\"wp-block-column is-layout-flow wp-block-column-is-layout-flow\"><div class=\"wp-block-image\">\n<figure class=\"aligncenter size-full\"><img loading=\"lazy\" decoding=\"async\" width=\"900\" height=\"245\" src=\"https:\/\/airporttransfersbuenosaires.com\/pt\/wp-content\/uploads\/2022\/05\/van-minibus-transfer-buenos-aires-1.jpg\" alt=\"\" class=\"wp-image-118\" srcset=\"https:\/\/airporttransfersbuenosaires.com\/pt\/wp-content\/uploads\/2022\/05\/van-minibus-transfer-buenos-aires-1.jpg 900w, https:\/\/airporttransfersbuenosaires.com\/pt\/wp-content\/uploads\/2022\/05\/van-minibus-transfer-buenos-aires-1-300x82.jpg 300w, https:\/\/airporttransfersbuenosaires.com\/pt\/wp-content\/uploads\/2022\/05\/van-minibus-transfer-buenos-aires-1-768x209.jpg 768w\" sizes=\"auto, (max-width: 900px) 100vw, 900px\" \/><figcaption><strong>VANS e Micro-\u00f4nibus <\/strong><\/figcaption><\/figure>\n<\/div><\/div>\n<\/div>\n\n\n\n<div class=\"wp-block-columns is-layout-flex wp-container-core-columns-is-layout-9d6595d7 wp-block-columns-is-layout-flex\">\n<div class=\"wp-block-column is-layout-flow wp-block-column-is-layout-flow\"><div class=\"wp-block-image\">\n<figure class=\"aligncenter size-full\"><img loading=\"lazy\" decoding=\"async\" width=\"681\" height=\"250\" src=\"https:\/\/airporttransfersbuenosaires.com\/pt\/wp-content\/uploads\/2022\/05\/receptivo-aeroporto-buenos-aires-transfer.jpg\" alt=\"\" class=\"wp-image-113\" srcset=\"https:\/\/airporttransfersbuenosaires.com\/pt\/wp-content\/uploads\/2022\/05\/receptivo-aeroporto-buenos-aires-transfer.jpg 681w, https:\/\/airporttransfersbuenosaires.com\/pt\/wp-content\/uploads\/2022\/05\/receptivo-aeroporto-buenos-aires-transfer-300x110.jpg 300w\" sizes=\"auto, (max-width: 681px) 100vw, 681px\" \/><\/figure>\n<\/div><\/div>\n\n\n\n<div class=\"wp-block-column is-layout-flow wp-block-column-is-layout-flow\"><div class=\"wp-block-image\">\n<figure class=\"aligncenter size-full\"><img loading=\"lazy\" decoding=\"async\" width=\"681\" height=\"250\" src=\"https:\/\/airporttransfersbuenosaires.com\/pt\/wp-content\/uploads\/2022\/05\/tarifas-fixas-aeroporto-buenos-aires.jpg\" alt=\"\" class=\"wp-image-115\" srcset=\"https:\/\/airporttransfersbuenosaires.com\/pt\/wp-content\/uploads\/2022\/05\/tarifas-fixas-aeroporto-buenos-aires.jpg 681w, https:\/\/airporttransfersbuenosaires.com\/pt\/wp-content\/uploads\/2022\/05\/tarifas-fixas-aeroporto-buenos-aires-300x110.jpg 300w\" sizes=\"auto, (max-width: 681px) 100vw, 681px\" \/><\/figure>\n<\/div><\/div>\n\n\n\n<div class=\"wp-block-column is-layout-flow wp-block-column-is-layout-flow\"><div class=\"wp-block-image\">\n<figure class=\"aligncenter size-full\"><img loading=\"lazy\" decoding=\"async\" width=\"681\" height=\"250\" src=\"https:\/\/airporttransfersbuenosaires.com\/pt\/wp-content\/uploads\/2022\/05\/rasterio-de-voos-aeroporto-buenos-aires.jpg\" alt=\"\" class=\"wp-image-116\" srcset=\"https:\/\/airporttransfersbuenosaires.com\/pt\/wp-content\/uploads\/2022\/05\/rasterio-de-voos-aeroporto-buenos-aires.jpg 681w, https:\/\/airporttransfersbuenosaires.com\/pt\/wp-content\/uploads\/2022\/05\/rasterio-de-voos-aeroporto-buenos-aires-300x110.jpg 300w\" sizes=\"auto, (max-width: 681px) 100vw, 681px\" \/><\/figure>\n<\/div><\/div>\n<\/div>\n\n\n\n<div class=\"wp-block-columns is-layout-flex wp-container-core-columns-is-layout-9d6595d7 wp-block-columns-is-layout-flex\">\n<div class=\"wp-block-column is-layout-flow wp-block-column-is-layout-flow\"><div class=\"wp-block-image\">\n<figure class=\"aligncenter size-full\"><img loading=\"lazy\" decoding=\"async\" width=\"750\" height=\"100\" src=\"https:\/\/airporttransfersbuenosaires.com\/pt\/wp-content\/uploads\/2022\/05\/trip-advisor-airport-transfers-buenos-aires-eze-1.jpg\" alt=\"\" class=\"wp-image-119\" srcset=\"https:\/\/airporttransfersbuenosaires.com\/pt\/wp-content\/uploads\/2022\/05\/trip-advisor-airport-transfers-buenos-aires-eze-1.jpg 750w, https:\/\/airporttransfersbuenosaires.com\/pt\/wp-content\/uploads\/2022\/05\/trip-advisor-airport-transfers-buenos-aires-eze-1-300x40.jpg 300w\" sizes=\"auto, (max-width: 750px) 100vw, 750px\" \/><\/figure>\n<\/div><\/div>\n\n\n\n<div class=\"wp-block-column is-layout-flow wp-block-column-is-layout-flow\"><div class=\"wp-block-image\">\n<figure class=\"aligncenter size-full\"><img loading=\"lazy\" decoding=\"async\" width=\"750\" height=\"100\" src=\"https:\/\/airporttransfersbuenosaires.com\/pt\/wp-content\/uploads\/2022\/05\/payments-airport-transfers-buenos-aires-1.jpg\" alt=\"\" class=\"wp-image-120\" srcset=\"https:\/\/airporttransfersbuenosaires.com\/pt\/wp-content\/uploads\/2022\/05\/payments-airport-transfers-buenos-aires-1.jpg 750w, https:\/\/airporttransfersbuenosaires.com\/pt\/wp-content\/uploads\/2022\/05\/payments-airport-transfers-buenos-aires-1-300x40.jpg 300w\" sizes=\"auto, (max-width: 750px) 100vw, 750px\" \/><\/figure>\n<\/div><\/div>\n<\/div>\n\n\n\n<hr class=\"wp-block-separator has-css-opacity\"\/>\n\n\n\n<div class=\"wp-block-columns is-layout-flex wp-container-core-columns-is-layout-9d6595d7 wp-block-columns-is-layout-flex\">\n<div class=\"wp-block-column is-layout-flow wp-block-column-is-layout-flow\"><div class=\"wp-block-image\">\n<figure class=\"aligncenter size-full\"><a href=\"https:\/\/airporttransfersbuenosaires.com\/pt\/taxi-aeroporto-ezeiza\/\"><img loading=\"lazy\" decoding=\"async\" width=\"720\" height=\"296\" src=\"https:\/\/airporttransfersbuenosaires.com\/pt\/wp-content\/uploads\/2022\/05\/taxiezehome.jpg\" alt=\"\" class=\"wp-image-331\" srcset=\"https:\/\/airporttransfersbuenosaires.com\/pt\/wp-content\/uploads\/2022\/05\/taxiezehome.jpg 720w, https:\/\/airporttransfersbuenosaires.com\/pt\/wp-content\/uploads\/2022\/05\/taxiezehome-300x123.jpg 300w\" sizes=\"auto, (max-width: 720px) 100vw, 720px\" \/><\/a><\/figure>\n<\/div><\/div>\n\n\n\n<div class=\"wp-block-column is-layout-flow wp-block-column-is-layout-flow\"><div class=\"wp-block-image\">\n<figure class=\"aligncenter size-full\"><a href=\"https:\/\/airporttransfersbuenosaires.com\/pt\/taxi-aeroporto-ezeiza\/\"><img loading=\"lazy\" decoding=\"async\" width=\"720\" height=\"296\" src=\"https:\/\/airporttransfersbuenosaires.com\/pt\/wp-content\/uploads\/2022\/05\/taxiezehome1.jpg\" alt=\"\" class=\"wp-image-332\" srcset=\"https:\/\/airporttransfersbuenosaires.com\/pt\/wp-content\/uploads\/2022\/05\/taxiezehome1.jpg 720w, https:\/\/airporttransfersbuenosaires.com\/pt\/wp-content\/uploads\/2022\/05\/taxiezehome1-300x123.jpg 300w\" sizes=\"auto, (max-width: 720px) 100vw, 720px\" \/><\/a><\/figure>\n<\/div><\/div>\n<\/div>\n\n\n\n<hr class=\"wp-block-separator has-css-opacity\"\/>\n\n\n\n<figure class=\"wp-block-image alignfull size-full\"><img loading=\"lazy\" decoding=\"async\" width=\"1000\" height=\"409\" src=\"https:\/\/airporttransfersbuenosaires.com\/pt\/wp-content\/uploads\/2022\/05\/transfer-aeroporto-buenosaires.jpg\" alt=\"\" class=\"wp-image-129\" srcset=\"https:\/\/airporttransfersbuenosaires.com\/pt\/wp-content\/uploads\/2022\/05\/transfer-aeroporto-buenosaires.jpg 1000w, https:\/\/airporttransfersbuenosaires.com\/pt\/wp-content\/uploads\/2022\/05\/transfer-aeroporto-buenosaires-300x123.jpg 300w, https:\/\/airporttransfersbuenosaires.com\/pt\/wp-content\/uploads\/2022\/05\/transfer-aeroporto-buenosaires-768x314.jpg 768w\" sizes=\"auto, (max-width: 1000px) 100vw, 1000px\" \/><\/figure>\n\n\n\n<hr class=\"wp-block-separator has-alpha-channel-opacity\"\/>\n\n\n\n<div class=\"wp-block-columns is-layout-flex wp-container-core-columns-is-layout-9d6595d7 wp-block-columns-is-layout-flex\">\n<div class=\"wp-block-column is-layout-flow wp-block-column-is-layout-flow\">\n<h2 class=\"wp-block-heading\"><strong>Transfers desde\/para<\/strong><\/h2>\n\n\n\n<ul class=\"wp-block-list\"><li>Aeroporto Internacional EZE (Ezeiza, Ministro Pistarini)<\/li><li>Aeroporto Nacional AEP (Aeroparque, Jorge Newbery)<\/li><li>Terminal de Cruzeiros (Benito Quinquela Martin)<\/li><li>Todos os hot\u00e9is, albergues, Airbnb e apartamentos<\/li><li>Recoleta, Palermo, Balgrano, San Telmo, Puerto Madero<\/li><li>Centro de Buenos Aires e cidades pr\u00f3ximas<\/li><\/ul>\n<\/div>\n\n\n\n<div class=\"wp-block-column is-layout-flow wp-block-column-is-layout-flow\">\n<h2 class=\"wp-block-heading\"><strong>Passeios e outros servi\u00e7os<\/strong><\/h2>\n\n\n\n<ul class=\"wp-block-list\"><li>Motorista particular \/ Veiculo a disposi\u00e7\u00e3o<\/li><li>City Tours, Shows de Tango<\/li><li>Festas Ga\u00fachas e passeios v\u00e1rios<\/li><li>Fretamento de van\/\u00f4nibus<\/li><li>Int\u00e9rpretes espanhol\/portugu\u00eas<\/li><li>VIP, Mercedes Benz, Carros de Luxo<\/li><\/ul>\n<\/div>\n<\/div>\n\n\n\n<h2 class=\"has-text-align-center wp-block-heading\"><strong>Airport Transfers Buenos Aires<\/strong><\/h2>\n\n\n\n<h3 class=\"has-text-align-center wp-block-heading\">Perguntas frequentes<\/h3>\n\n\n\n<ul class=\"wp-block-list\"><li>Como encontro o Motorista no Aeroporto? Os aeroportos de Buenos Aires tem um fluxo intenso de passageiros por dia, por isso veja com aten\u00e7\u00e3o o procedimento de pick up: Na chegada, logo ap\u00f3s recolher a sua bagagem, passar pela alf\u00e2ndega e pelo port\u00e3o de desembarque, voc\u00ea ver\u00e1 v\u00e1rios motoristas segurando cartazes. Olhe um por um at\u00e9 encontrar o seu nome e se identifique para o seu chofer.<\/li><li>O que acontecer\u00e1 se houver um atraso no meu voo? Acompanharemos o status do seu voo online, se houver atraso, o motorista aguardar\u00e1. Se voc\u00ea perder seu avi\u00e3o e embarcar em um novo voo com um n\u00famero diferente, entre&nbsp;<a href=\"https:\/\/airporttransfersbuenosaires.com\/pt\/faleconosco.htm\">em contato conosco.<\/a><\/li><li>A que horas o motorista vai me buscar quando eu estiver indo para o aeroporto? Voc\u00ea poder\u00e1 decidir o hor\u00e1rio de sa\u00edda do seu hotel no momento da reserva. Sugerimos pelo menos 3 horas antes do hor\u00e1rio de partida do seu voo.<\/li><li>Posso usar este servi\u00e7o para ir para o Terminal de Cruzeiros? Sim, podemos fornecer transfers de e para o&nbsp;<a href=\"https:\/\/airporttransfersbuenosaires.com\/pt\/transfer-porto-cruzeiros-buenos-aires-quinquela-martin.htm\">Terminal Portu\u00e1rio de Cruzeiros de Buenos Aires<\/a>. Temos experi\u00eancia em procedimentos de embarque e desembarque de passageiros no Terminal de Cruzeiros. Trabalhamos com um ponto de encontro espec\u00edfico para evitar qualquer tipo de mal-entendido.<\/li><li>Quanto tempo leva para ir de um aeroporto para o outro? A viagem entre os 2&nbsp;<a href=\"https:\/\/www.aa2000.com.ar\/\" target=\"_blank\" rel=\"noreferrer noopener\">aeroportos de Buenos Aires<\/a>&nbsp;leva em media uma hora de viagem, na hora do rush entre pode levar ate um pouco mais. Sugerimos um intervalo m\u00ednimo de 3 ou 4 horas entre voos para fazer a conex\u00e3o via Transfer Aeroporto EZE AEP.<\/li><\/ul>\n\n\n\n<hr class=\"wp-block-separator has-css-opacity\"\/>\n\n\n\n<div class=\"wp-block-columns is-layout-flex wp-container-core-columns-is-layout-9d6595d7 wp-block-columns-is-layout-flex\">\n<div class=\"wp-block-column is-layout-flow wp-block-column-is-layout-flow\"><div class=\"wp-block-image\">\n<figure class=\"aligncenter size-full\"><a href=\"https:\/\/airporttransfersbuenosaires.com\/pt\/faleconosco.htm\"><img loading=\"lazy\" decoding=\"async\" width=\"290\" height=\"300\" src=\"https:\/\/airporttransfersbuenosaires.com\/pt\/wp-content\/uploads\/2022\/05\/fale-com-um-especialista-airport-transfers-buenos-aires.jpg\" alt=\"\" class=\"wp-image-121\"\/><\/a><\/figure>\n<\/div><\/div>\n\n\n\n<div class=\"wp-block-column is-layout-flow wp-block-column-is-layout-flow\"><div class=\"wp-block-image\">\n<figure class=\"aligncenter size-full is-resized\"><a href=\"https:\/\/airporttransfersbuenosaires.com\/pt\/avaliacoes.htm\"><img loading=\"lazy\" decoding=\"async\" src=\"https:\/\/airporttransfersbuenosaires.com\/pt\/wp-content\/uploads\/2022\/05\/avaliacoes-transfer-aeroporto-buenosaires.jpg\" alt=\"\" class=\"wp-image-122\" width=\"290\" height=\"300\"\/><\/a><\/figure>\n<\/div><\/div>\n\n\n\n<div class=\"wp-block-column is-layout-flow wp-block-column-is-layout-flow\"><div class=\"wp-block-image\">\n<figure class=\"aligncenter size-full\"><a href=\"https:\/\/airporttransfersbuenosaires.com\/pt\/perguntas-frequentes.htm\"><img loading=\"lazy\" decoding=\"async\" width=\"290\" height=\"300\" src=\"https:\/\/airporttransfersbuenosaires.com\/pt\/wp-content\/uploads\/2022\/05\/preguntas-frequentes-transfers-aeroporto-buenosaires.jpg\" alt=\"\" class=\"wp-image-123\"\/><\/a><\/figure>\n<\/div><\/div>\n<\/div>\n\n\n\n<hr class=\"wp-block-separator has-css-opacity\"\/>\n","protected":false},"excerpt":{"rendered":"<p>Transfer Aeroporto Buenos Aires. Servi\u00e7o privado porta-porta 24 hs. Transfers desde\/para Aeroporto Internacional EZE (Ezeiza, Ministro Pistarini) Aeroporto Nacional AEP (Aeroparque, Jorge Newbery) Terminal de Cruzeiros (Benito Quinquela Martin) Todos os hot\u00e9is, albergues, Airbnb e apartamentos Recoleta, Palermo, Balgrano, San Telmo, Puerto Madero Centro de Buenos Aires e cidades pr\u00f3ximas Passeios e outros servi\u00e7os Motorista &#8230; <a title=\"\" class=\"read-more\" href=\"https:\/\/airporttransfersbuenosaires.com\/pt\/home\/\" aria-label=\"Read more about \">Ler mais<\/a><\/p>\n","protected":false},"author":1,"featured_media":0,"parent":0,"menu_order":0,"comment_status":"closed","ping_status":"closed","template":"","meta":{"nf_dc_page":"","footnotes":""},"class_list":["post-38","page","type-page","status-publish"],"yoast_head":"<!-- This site is optimized with the Yoast SEO plugin v27.6 - https:\/\/yoast.com\/product\/yoast-seo-wordpress\/ -->\n<title>- Aeroporto Buenos Aires - Transfer, Traslados (Ezeiza \/ Aeroparque)<\/title>\n<meta name=\"robots\" content=\"index, follow, max-snippet:-1, max-image-preview:large, max-video-preview:-1\" \/>\n<link rel=\"canonical\" href=\"https:\/\/airporttransfersbuenosaires.com\/pt\/home\/\" \/>\n<meta property=\"og:locale\" content=\"pt_BR\" \/>\n<meta property=\"og:type\" content=\"article\" \/>\n<meta property=\"og:title\" content=\"- Aeroporto Buenos Aires - Transfer, Traslados (Ezeiza \/ Aeroparque)\" \/>\n<meta property=\"og:description\" content=\"Transfer Aeroporto Buenos Aires. Servi\u00e7o privado porta-porta 24 hs. Transfers desde\/para Aeroporto Internacional EZE (Ezeiza, Ministro Pistarini) Aeroporto Nacional AEP (Aeroparque, Jorge Newbery) Terminal de Cruzeiros (Benito Quinquela Martin) Todos os hot\u00e9is, albergues, Airbnb e apartamentos Recoleta, Palermo, Balgrano, San Telmo, Puerto Madero Centro de Buenos Aires e cidades pr\u00f3ximas Passeios e outros servi\u00e7os Motorista ... Ler mais\" \/>\n<meta property=\"og:url\" content=\"https:\/\/airporttransfersbuenosaires.com\/pt\/home\/\" \/>\n<meta property=\"og:site_name\" content=\"Aeroporto Buenos Aires - Transfer, Traslados (Ezeiza \/ Aeroparque)\" \/>\n<meta property=\"article:modified_time\" content=\"2022-09-21T03:26:47+00:00\" \/>\n<meta property=\"og:image\" content=\"https:\/\/airporttransfersbuenosaires.com\/pt\/wp-content\/uploads\/2022\/05\/receptivo-aeroporto-buenos-aires.jpg\" \/>\n<meta name=\"twitter:card\" content=\"summary_large_image\" \/>\n<meta name=\"twitter:label1\" content=\"Est. tempo de leitura\" \/>\n\t<meta name=\"twitter:data1\" content=\"5 minutos\" \/>\n<script type=\"application\/ld+json\" class=\"yoast-schema-graph\">{\"@context\":\"https:\\\/\\\/schema.org\",\"@graph\":[{\"@type\":\"WebPage\",\"@id\":\"https:\\\/\\\/airporttransfersbuenosaires.com\\\/pt\\\/home\\\/\",\"url\":\"https:\\\/\\\/airporttransfersbuenosaires.com\\\/pt\\\/home\\\/\",\"name\":\"- Aeroporto Buenos Aires - Transfer, Traslados (Ezeiza \\\/ Aeroparque)\",\"isPartOf\":{\"@id\":\"https:\\\/\\\/airporttransfersbuenosaires.com\\\/pt\\\/#website\"},\"primaryImageOfPage\":{\"@id\":\"https:\\\/\\\/airporttransfersbuenosaires.com\\\/pt\\\/home\\\/#primaryimage\"},\"image\":{\"@id\":\"https:\\\/\\\/airporttransfersbuenosaires.com\\\/pt\\\/home\\\/#primaryimage\"},\"thumbnailUrl\":\"https:\\\/\\\/airporttransfersbuenosaires.com\\\/pt\\\/wp-content\\\/uploads\\\/2022\\\/05\\\/receptivo-aeroporto-buenos-aires.jpg\",\"datePublished\":\"2022-04-18T19:55:35+00:00\",\"dateModified\":\"2022-09-21T03:26:47+00:00\",\"inLanguage\":\"pt-BR\",\"potentialAction\":[{\"@type\":\"ReadAction\",\"target\":[\"https:\\\/\\\/airporttransfersbuenosaires.com\\\/pt\\\/home\\\/\"]}]},{\"@type\":\"ImageObject\",\"inLanguage\":\"pt-BR\",\"@id\":\"https:\\\/\\\/airporttransfersbuenosaires.com\\\/pt\\\/home\\\/#primaryimage\",\"url\":\"https:\\\/\\\/airporttransfersbuenosaires.com\\\/pt\\\/wp-content\\\/uploads\\\/2022\\\/05\\\/receptivo-aeroporto-buenos-aires.jpg\",\"contentUrl\":\"https:\\\/\\\/airporttransfersbuenosaires.com\\\/pt\\\/wp-content\\\/uploads\\\/2022\\\/05\\\/receptivo-aeroporto-buenos-aires.jpg\",\"width\":450,\"height\":523},{\"@type\":\"WebSite\",\"@id\":\"https:\\\/\\\/airporttransfersbuenosaires.com\\\/pt\\\/#website\",\"url\":\"https:\\\/\\\/airporttransfersbuenosaires.com\\\/pt\\\/\",\"name\":\"Aeroporto Buenos Aires - Transfer, Traslados (Ezeiza \\\/ Aeroparque)\",\"description\":\"Servi\u00e7o de Transfers em Buenos Aires. Receptivo Aeroporto. Carros, vans e Micro\u00f4nibus. EZEIZA EZE, AEROPARQUE AEP\",\"publisher\":{\"@id\":\"https:\\\/\\\/airporttransfersbuenosaires.com\\\/pt\\\/#organization\"},\"potentialAction\":[{\"@type\":\"SearchAction\",\"target\":{\"@type\":\"EntryPoint\",\"urlTemplate\":\"https:\\\/\\\/airporttransfersbuenosaires.com\\\/pt\\\/?s={search_term_string}\"},\"query-input\":{\"@type\":\"PropertyValueSpecification\",\"valueRequired\":true,\"valueName\":\"search_term_string\"}}],\"inLanguage\":\"pt-BR\"},{\"@type\":\"Organization\",\"@id\":\"https:\\\/\\\/airporttransfersbuenosaires.com\\\/pt\\\/#organization\",\"name\":\"Aeroporto Buenos Aires - Transfer, Traslados (Ezeiza \\\/ Aeroparque)\",\"url\":\"https:\\\/\\\/airporttransfersbuenosaires.com\\\/pt\\\/\",\"logo\":{\"@type\":\"ImageObject\",\"inLanguage\":\"pt-BR\",\"@id\":\"https:\\\/\\\/airporttransfersbuenosaires.com\\\/pt\\\/#\\\/schema\\\/logo\\\/image\\\/\",\"url\":\"https:\\\/\\\/airporttransfersbuenosaires.com\\\/pt\\\/wp-content\\\/uploads\\\/2025\\\/05\\\/cropped-airport-transfers-buenos-aires-logo-black.jpg\",\"contentUrl\":\"https:\\\/\\\/airporttransfersbuenosaires.com\\\/pt\\\/wp-content\\\/uploads\\\/2025\\\/05\\\/cropped-airport-transfers-buenos-aires-logo-black.jpg\",\"width\":1078,\"height\":341,\"caption\":\"Aeroporto Buenos Aires - Transfer, Traslados (Ezeiza \\\/ Aeroparque)\"},\"image\":{\"@id\":\"https:\\\/\\\/airporttransfersbuenosaires.com\\\/pt\\\/#\\\/schema\\\/logo\\\/image\\\/\"}}]}<\/script>\n<!-- \/ Yoast SEO plugin. -->","yoast_head_json":{"title":"- Aeroporto Buenos Aires - Transfer, Traslados (Ezeiza \/ Aeroparque)","robots":{"index":"index","follow":"follow","max-snippet":"max-snippet:-1","max-image-preview":"max-image-preview:large","max-video-preview":"max-video-preview:-1"},"canonical":"https:\/\/airporttransfersbuenosaires.com\/pt\/home\/","og_locale":"pt_BR","og_type":"article","og_title":"- Aeroporto Buenos Aires - Transfer, Traslados (Ezeiza \/ Aeroparque)","og_description":"Transfer Aeroporto Buenos Aires. Servi\u00e7o privado porta-porta 24 hs. Transfers desde\/para Aeroporto Internacional EZE (Ezeiza, Ministro Pistarini) Aeroporto Nacional AEP (Aeroparque, Jorge Newbery) Terminal de Cruzeiros (Benito Quinquela Martin) Todos os hot\u00e9is, albergues, Airbnb e apartamentos Recoleta, Palermo, Balgrano, San Telmo, Puerto Madero Centro de Buenos Aires e cidades pr\u00f3ximas Passeios e outros servi\u00e7os Motorista ... Ler mais","og_url":"https:\/\/airporttransfersbuenosaires.com\/pt\/home\/","og_site_name":"Aeroporto Buenos Aires - Transfer, Traslados (Ezeiza \/ Aeroparque)","article_modified_time":"2022-09-21T03:26:47+00:00","og_image":[{"url":"https:\/\/airporttransfersbuenosaires.com\/pt\/wp-content\/uploads\/2022\/05\/receptivo-aeroporto-buenos-aires.jpg","type":"","width":"","height":""}],"twitter_card":"summary_large_image","twitter_misc":{"Est. tempo de leitura":"5 minutos"},"schema":{"@context":"https:\/\/schema.org","@graph":[{"@type":"WebPage","@id":"https:\/\/airporttransfersbuenosaires.com\/pt\/home\/","url":"https:\/\/airporttransfersbuenosaires.com\/pt\/home\/","name":"- Aeroporto Buenos Aires - Transfer, Traslados (Ezeiza \/ Aeroparque)","isPartOf":{"@id":"https:\/\/airporttransfersbuenosaires.com\/pt\/#website"},"primaryImageOfPage":{"@id":"https:\/\/airporttransfersbuenosaires.com\/pt\/home\/#primaryimage"},"image":{"@id":"https:\/\/airporttransfersbuenosaires.com\/pt\/home\/#primaryimage"},"thumbnailUrl":"https:\/\/airporttransfersbuenosaires.com\/pt\/wp-content\/uploads\/2022\/05\/receptivo-aeroporto-buenos-aires.jpg","datePublished":"2022-04-18T19:55:35+00:00","dateModified":"2022-09-21T03:26:47+00:00","inLanguage":"pt-BR","potentialAction":[{"@type":"ReadAction","target":["https:\/\/airporttransfersbuenosaires.com\/pt\/home\/"]}]},{"@type":"ImageObject","inLanguage":"pt-BR","@id":"https:\/\/airporttransfersbuenosaires.com\/pt\/home\/#primaryimage","url":"https:\/\/airporttransfersbuenosaires.com\/pt\/wp-content\/uploads\/2022\/05\/receptivo-aeroporto-buenos-aires.jpg","contentUrl":"https:\/\/airporttransfersbuenosaires.com\/pt\/wp-content\/uploads\/2022\/05\/receptivo-aeroporto-buenos-aires.jpg","width":450,"height":523},{"@type":"WebSite","@id":"https:\/\/airporttransfersbuenosaires.com\/pt\/#website","url":"https:\/\/airporttransfersbuenosaires.com\/pt\/","name":"Aeroporto Buenos Aires - Transfer, Traslados (Ezeiza \/ Aeroparque)","description":"Servi\u00e7o de Transfers em Buenos Aires. Receptivo Aeroporto. Carros, vans e Micro\u00f4nibus. EZEIZA EZE, AEROPARQUE AEP","publisher":{"@id":"https:\/\/airporttransfersbuenosaires.com\/pt\/#organization"},"potentialAction":[{"@type":"SearchAction","target":{"@type":"EntryPoint","urlTemplate":"https:\/\/airporttransfersbuenosaires.com\/pt\/?s={search_term_string}"},"query-input":{"@type":"PropertyValueSpecification","valueRequired":true,"valueName":"search_term_string"}}],"inLanguage":"pt-BR"},{"@type":"Organization","@id":"https:\/\/airporttransfersbuenosaires.com\/pt\/#organization","name":"Aeroporto Buenos Aires - Transfer, Traslados (Ezeiza \/ Aeroparque)","url":"https:\/\/airporttransfersbuenosaires.com\/pt\/","logo":{"@type":"ImageObject","inLanguage":"pt-BR","@id":"https:\/\/airporttransfersbuenosaires.com\/pt\/#\/schema\/logo\/image\/","url":"https:\/\/airporttransfersbuenosaires.com\/pt\/wp-content\/uploads\/2025\/05\/cropped-airport-transfers-buenos-aires-logo-black.jpg","contentUrl":"https:\/\/airporttransfersbuenosaires.com\/pt\/wp-content\/uploads\/2025\/05\/cropped-airport-transfers-buenos-aires-logo-black.jpg","width":1078,"height":341,"caption":"Aeroporto Buenos Aires - Transfer, Traslados (Ezeiza \/ Aeroparque)"},"image":{"@id":"https:\/\/airporttransfersbuenosaires.com\/pt\/#\/schema\/logo\/image\/"}}]}},"_links":{"self":[{"href":"https:\/\/airporttransfersbuenosaires.com\/pt\/wp-json\/wp\/v2\/pages\/38","targetHints":{"allow":["GET"]}}],"collection":[{"href":"https:\/\/airporttransfersbuenosaires.com\/pt\/wp-json\/wp\/v2\/pages"}],"about":[{"href":"https:\/\/airporttransfersbuenosaires.com\/pt\/wp-json\/wp\/v2\/types\/page"}],"author":[{"embeddable":true,"href":"https:\/\/airporttransfersbuenosaires.com\/pt\/wp-json\/wp\/v2\/users\/1"}],"replies":[{"embeddable":true,"href":"https:\/\/airporttransfersbuenosaires.com\/pt\/wp-json\/wp\/v2\/comments?post=38"}],"version-history":[{"count":37,"href":"https:\/\/airporttransfersbuenosaires.com\/pt\/wp-json\/wp\/v2\/pages\/38\/revisions"}],"predecessor-version":[{"id":1554,"href":"https:\/\/airporttransfersbuenosaires.com\/pt\/wp-json\/wp\/v2\/pages\/38\/revisions\/1554"}],"wp:attachment":[{"href":"https:\/\/airporttransfersbuenosaires.com\/pt\/wp-json\/wp\/v2\/media?parent=38"}],"curies":[{"name":"wp","href":"https:\/\/api.w.org\/{rel}","templated":true}]}}